{"id":3322,"date":"2026-03-03T09:50:35","date_gmt":"2026-03-03T09:50:35","guid":{"rendered":"https:\/\/mimarenaturalcosmetics.com\/product\/3289\/"},"modified":"2026-03-05T09:49:14","modified_gmt":"2026-03-05T09:49:14","slug":"3289","status":"publish","type":"product","link":"https:\/\/mimarenaturalcosmetics.com\/en\/product\/3289\/","title":{"rendered":"LEAVE &#8211; IN SOLAR DEFENSE"},"content":{"rendered":"<p><b>Tratamiento leave-in que protege del sol y el estr\u00e9s oxidativo, previene la p\u00e9rdida de color y aporta brillo y suavidad sin aclarado: <\/b>Protege de la exposici\u00f3n solar y el estr\u00e9s oxidativo, con Filtro UV. Previene la perdida de color, con particular reflectantes que aportan extra shine. Mantiene el cabello radiante, sedoso e hidratado.\u00a0 <b>Modo uso: <\/b>Aplicar sobre cabello seco o h\u00famedo antes y durante la exposici\u00f3n solar. No aclarar. Protecci\u00f3n inmediata frente a UV, sal y cloro, con brillo ligero y sin efecto graso.<\/p>\n","protected":false},"excerpt":{"rendered":"<p data-start=\"715\" data-end=\"986\">El <strong data-start=\"718\" data-end=\"744\">Leave-In Solar Defense<\/strong> es un protector solar capilar sin aclarado que protege el cabello frente a la exposici\u00f3n solar y el estr\u00e9s oxidativo. Formulado con Filtro UV, ayuda a prevenir la p\u00e9rdida de color y el da\u00f1o causado por los rayos solares, la sal y el cloro.<\/p>\n<p data-start=\"988\" data-end=\"1174\">Sus activos reflectantes potencian el brillo natural, aportando un extra shine sin efecto graso ni apelmazamiento. Mantiene el cabello radiante, sedoso e hidratado durante todo el d\u00eda.<\/p>\n<p data-start=\"1176\" data-end=\"1327\">Modo de uso: vaporizar sobre cabello seco o h\u00famedo antes y durante la exposici\u00f3n solar. No aclarar. Protecci\u00f3n inmediata con acabado ligero y luminoso.<\/p>\n","protected":false},"featured_media":3293,"comment_status":"open","ping_status":"closed","template":"","meta":{"_acf_changed":false},"tipo":[],"principios":[],"product_brand":[],"product_cat":[738],"product_tag":[762,763,751,746,764,758,765,766,748,767,768,769],"class_list":{"0":"post-3322","1":"product","2":"type-product","3":"status-publish","4":"has-post-thumbnail","6":"product_cat-solar-defense","7":"product_tag-anti-estres-oxidativo-cabello","8":"product_tag-brillo-ligero-cabello","9":"product_tag-cuidado-capilar-playa","10":"product_tag-hidratacion-capilar-verano","11":"product_tag-leave-in-solar-cabello","12":"product_tag-proteccion-uv-cabello","13":"product_tag-protector-cabello-piscina","14":"product_tag-protector-color-cabello-verano","15":"product_tag-protector-solar-capilar","16":"product_tag-ritual-solar-cabello-profesional","17":"product_tag-spray-capilar-sin-aclarado","18":"product_tag-spray-protector-uv-cabello","20":"first","21":"instock","22":"taxable","23":"shipping-taxable","24":"purchasable","25":"product-type-variable"},"acf":[],"yoast_head":"<!-- This site is optimized with the Yoast SEO plugin v27.4 - https:\/\/yoast.com\/product\/yoast-seo-wordpress\/ -->\n<title>LEAVE - IN SOLAR DEFENSE - Mimare<\/title>\n<meta name=\"robots\" content=\"index, follow, max-snippet:-1, max-image-preview:large, max-video-preview:-1\" \/>\n<link rel=\"canonical\" href=\"https:\/\/mimarenaturalcosmetics.com\/en\/product\/3289\/\" \/>\n<meta property=\"og:locale\" content=\"en_US\" \/>\n<meta property=\"og:type\" content=\"article\" \/>\n<meta property=\"og:title\" content=\"LEAVE - IN SOLAR DEFENSE - Mimare\" \/>\n<meta property=\"og:description\" content=\"El Leave-In Solar Defense es un protector solar capilar sin aclarado que protege el cabello frente a la exposici\u00f3n solar y el estr\u00e9s oxidativo. Formulado con Filtro UV, ayuda a prevenir la p\u00e9rdida de color y el da\u00f1o causado por los rayos solares, la sal y el cloro. Sus activos reflectantes potencian el brillo natural, aportando un extra shine sin efecto graso ni apelmazamiento. Mantiene el cabello radiante, sedoso e hidratado durante todo el d\u00eda. Modo de uso: vaporizar sobre cabello seco o h\u00famedo antes y durante la exposici\u00f3n solar. No aclarar. Protecci\u00f3n inmediata con acabado ligero y luminoso.\" \/>\n<meta property=\"og:url\" content=\"https:\/\/mimarenaturalcosmetics.com\/en\/product\/3289\/\" \/>\n<meta property=\"og:site_name\" content=\"Mimare\" \/>\n<meta property=\"article:modified_time\" content=\"2026-03-05T09:49:14+00:00\" \/>\n<meta property=\"og:image\" content=\"https:\/\/mimarenaturalcosmetics.com\/wp-content\/uploads\/2026\/03\/LEAVEIN-SI-757x1024.png\" \/>\n\t<meta property=\"og:image:width\" content=\"757\" \/>\n\t<meta property=\"og:image:height\" content=\"1024\" \/>\n\t<meta property=\"og:image:type\" content=\"image\/png\" \/>\n<meta name=\"twitter:card\" content=\"summary_large_image\" \/>\n<meta name=\"twitter:label1\" content=\"Est. reading time\" \/>\n\t<meta name=\"twitter:data1\" content=\"1 minute\" \/>\n<script type=\"application\/ld+json\" class=\"yoast-schema-graph\">{\"@context\":\"https:\\\/\\\/schema.org\",\"@graph\":[{\"@type\":\"WebPage\",\"@id\":\"https:\\\/\\\/mimarenaturalcosmetics.com\\\/en\\\/product\\\/3289\\\/\",\"url\":\"https:\\\/\\\/mimarenaturalcosmetics.com\\\/en\\\/product\\\/3289\\\/\",\"name\":\"LEAVE - IN SOLAR DEFENSE - Mimare\",\"isPartOf\":{\"@id\":\"https:\\\/\\\/mimarenaturalcosmetics.com\\\/#website\"},\"primaryImageOfPage\":{\"@id\":\"https:\\\/\\\/mimarenaturalcosmetics.com\\\/en\\\/product\\\/3289\\\/#primaryimage\"},\"image\":{\"@id\":\"https:\\\/\\\/mimarenaturalcosmetics.com\\\/en\\\/product\\\/3289\\\/#primaryimage\"},\"thumbnailUrl\":\"https:\\\/\\\/mimarenaturalcosmetics.com\\\/wp-content\\\/uploads\\\/2026\\\/03\\\/LEAVEIN-SI-e1772532599639.png\",\"datePublished\":\"2026-03-03T09:50:35+00:00\",\"dateModified\":\"2026-03-05T09:49:14+00:00\",\"breadcrumb\":{\"@id\":\"https:\\\/\\\/mimarenaturalcosmetics.com\\\/en\\\/product\\\/3289\\\/#breadcrumb\"},\"inLanguage\":\"en-US\",\"potentialAction\":[{\"@type\":\"ReadAction\",\"target\":[\"https:\\\/\\\/mimarenaturalcosmetics.com\\\/en\\\/product\\\/3289\\\/\"]}]},{\"@type\":\"ImageObject\",\"inLanguage\":\"en-US\",\"@id\":\"https:\\\/\\\/mimarenaturalcosmetics.com\\\/en\\\/product\\\/3289\\\/#primaryimage\",\"url\":\"https:\\\/\\\/mimarenaturalcosmetics.com\\\/wp-content\\\/uploads\\\/2026\\\/03\\\/LEAVEIN-SI-e1772532599639.png\",\"contentUrl\":\"https:\\\/\\\/mimarenaturalcosmetics.com\\\/wp-content\\\/uploads\\\/2026\\\/03\\\/LEAVEIN-SI-e1772532599639.png\",\"width\":1700,\"height\":2300},{\"@type\":\"BreadcrumbList\",\"@id\":\"https:\\\/\\\/mimarenaturalcosmetics.com\\\/en\\\/product\\\/3289\\\/#breadcrumb\",\"itemListElement\":[{\"@type\":\"ListItem\",\"position\":1,\"name\":\"Portada\",\"item\":\"https:\\\/\\\/mimarenaturalcosmetics.com\\\/en\\\/\"},{\"@type\":\"ListItem\",\"position\":2,\"name\":\"Shop\",\"item\":\"https:\\\/\\\/mimarenaturalcosmetics.com\\\/en\\\/shop\\\/\"},{\"@type\":\"ListItem\",\"position\":3,\"name\":\"LEAVE &#8211; IN SOLAR DEFENSE\"}]},{\"@type\":\"WebSite\",\"@id\":\"https:\\\/\\\/mimarenaturalcosmetics.com\\\/#website\",\"url\":\"https:\\\/\\\/mimarenaturalcosmetics.com\\\/\",\"name\":\"Mimare\",\"description\":\"\",\"potentialAction\":[{\"@type\":\"SearchAction\",\"target\":{\"@type\":\"EntryPoint\",\"urlTemplate\":\"https:\\\/\\\/mimarenaturalcosmetics.com\\\/?s={search_term_string}\"},\"query-input\":{\"@type\":\"PropertyValueSpecification\",\"valueRequired\":true,\"valueName\":\"search_term_string\"}}],\"inLanguage\":\"en-US\"}]}<\/script>\n<!-- \/ Yoast SEO plugin. -->","yoast_head_json":{"title":"LEAVE - IN SOLAR DEFENSE - Mimare","robots":{"index":"index","follow":"follow","max-snippet":"max-snippet:-1","max-image-preview":"max-image-preview:large","max-video-preview":"max-video-preview:-1"},"canonical":"https:\/\/mimarenaturalcosmetics.com\/en\/product\/3289\/","og_locale":"en_US","og_type":"article","og_title":"LEAVE - IN SOLAR DEFENSE - Mimare","og_description":"El Leave-In Solar Defense es un protector solar capilar sin aclarado que protege el cabello frente a la exposici\u00f3n solar y el estr\u00e9s oxidativo. Formulado con Filtro UV, ayuda a prevenir la p\u00e9rdida de color y el da\u00f1o causado por los rayos solares, la sal y el cloro. Sus activos reflectantes potencian el brillo natural, aportando un extra shine sin efecto graso ni apelmazamiento. Mantiene el cabello radiante, sedoso e hidratado durante todo el d\u00eda. Modo de uso: vaporizar sobre cabello seco o h\u00famedo antes y durante la exposici\u00f3n solar. No aclarar. Protecci\u00f3n inmediata con acabado ligero y luminoso.","og_url":"https:\/\/mimarenaturalcosmetics.com\/en\/product\/3289\/","og_site_name":"Mimare","article_modified_time":"2026-03-05T09:49:14+00:00","og_image":[{"width":757,"height":1024,"url":"https:\/\/mimarenaturalcosmetics.com\/wp-content\/uploads\/2026\/03\/LEAVEIN-SI-757x1024.png","type":"image\/png"}],"twitter_card":"summary_large_image","twitter_misc":{"Est. reading time":"1 minute"},"schema":{"@context":"https:\/\/schema.org","@graph":[{"@type":"WebPage","@id":"https:\/\/mimarenaturalcosmetics.com\/en\/product\/3289\/","url":"https:\/\/mimarenaturalcosmetics.com\/en\/product\/3289\/","name":"LEAVE - IN SOLAR DEFENSE - Mimare","isPartOf":{"@id":"https:\/\/mimarenaturalcosmetics.com\/#website"},"primaryImageOfPage":{"@id":"https:\/\/mimarenaturalcosmetics.com\/en\/product\/3289\/#primaryimage"},"image":{"@id":"https:\/\/mimarenaturalcosmetics.com\/en\/product\/3289\/#primaryimage"},"thumbnailUrl":"https:\/\/mimarenaturalcosmetics.com\/wp-content\/uploads\/2026\/03\/LEAVEIN-SI-e1772532599639.png","datePublished":"2026-03-03T09:50:35+00:00","dateModified":"2026-03-05T09:49:14+00:00","breadcrumb":{"@id":"https:\/\/mimarenaturalcosmetics.com\/en\/product\/3289\/#breadcrumb"},"inLanguage":"en-US","potentialAction":[{"@type":"ReadAction","target":["https:\/\/mimarenaturalcosmetics.com\/en\/product\/3289\/"]}]},{"@type":"ImageObject","inLanguage":"en-US","@id":"https:\/\/mimarenaturalcosmetics.com\/en\/product\/3289\/#primaryimage","url":"https:\/\/mimarenaturalcosmetics.com\/wp-content\/uploads\/2026\/03\/LEAVEIN-SI-e1772532599639.png","contentUrl":"https:\/\/mimarenaturalcosmetics.com\/wp-content\/uploads\/2026\/03\/LEAVEIN-SI-e1772532599639.png","width":1700,"height":2300},{"@type":"BreadcrumbList","@id":"https:\/\/mimarenaturalcosmetics.com\/en\/product\/3289\/#breadcrumb","itemListElement":[{"@type":"ListItem","position":1,"name":"Portada","item":"https:\/\/mimarenaturalcosmetics.com\/en\/"},{"@type":"ListItem","position":2,"name":"Shop","item":"https:\/\/mimarenaturalcosmetics.com\/en\/shop\/"},{"@type":"ListItem","position":3,"name":"LEAVE &#8211; IN SOLAR DEFENSE"}]},{"@type":"WebSite","@id":"https:\/\/mimarenaturalcosmetics.com\/#website","url":"https:\/\/mimarenaturalcosmetics.com\/","name":"Mimare","description":"","potentialAction":[{"@type":"SearchAction","target":{"@type":"EntryPoint","urlTemplate":"https:\/\/mimarenaturalcosmetics.com\/?s={search_term_string}"},"query-input":{"@type":"PropertyValueSpecification","valueRequired":true,"valueName":"search_term_string"}}],"inLanguage":"en-US"}]}},"jetpack_sharing_enabled":true,"_links":{"self":[{"href":"https:\/\/mimarenaturalcosmetics.com\/en\/wp-json\/wp\/v2\/product\/3322","targetHints":{"allow":["GET"]}}],"collection":[{"href":"https:\/\/mimarenaturalcosmetics.com\/en\/wp-json\/wp\/v2\/product"}],"about":[{"href":"https:\/\/mimarenaturalcosmetics.com\/en\/wp-json\/wp\/v2\/types\/product"}],"replies":[{"embeddable":true,"href":"https:\/\/mimarenaturalcosmetics.com\/en\/wp-json\/wp\/v2\/comments?post=3322"}],"wp:featuredmedia":[{"embeddable":true,"href":"https:\/\/mimarenaturalcosmetics.com\/en\/wp-json\/wp\/v2\/media\/3293"}],"wp:attachment":[{"href":"https:\/\/mimarenaturalcosmetics.com\/en\/wp-json\/wp\/v2\/media?parent=3322"}],"wp:term":[{"taxonomy":"tipo","embeddable":true,"href":"https:\/\/mimarenaturalcosmetics.com\/en\/wp-json\/wp\/v2\/tipo?post=3322"},{"taxonomy":"principios","embeddable":true,"href":"https:\/\/mimarenaturalcosmetics.com\/en\/wp-json\/wp\/v2\/principios?post=3322"},{"taxonomy":"product_brand","embeddable":true,"href":"https:\/\/mimarenaturalcosmetics.com\/en\/wp-json\/wp\/v2\/product_brand?post=3322"},{"taxonomy":"product_cat","embeddable":true,"href":"https:\/\/mimarenaturalcosmetics.com\/en\/wp-json\/wp\/v2\/product_cat?post=3322"},{"taxonomy":"product_tag","embeddable":true,"href":"https:\/\/mimarenaturalcosmetics.com\/en\/wp-json\/wp\/v2\/product_tag?post=3322"}],"curies":[{"name":"wp","href":"https:\/\/api.w.org\/{rel}","templated":true}]}}