{"id":3320,"date":"2026-03-03T09:36:13","date_gmt":"2026-03-03T09:36:13","guid":{"rendered":"https:\/\/mimarenaturalcosmetics.com\/product\/mask-solar-defense\/"},"modified":"2026-03-05T09:47:30","modified_gmt":"2026-03-05T09:47:30","slug":"mask-solar-defense","status":"publish","type":"product","link":"https:\/\/mimarenaturalcosmetics.com\/en\/product\/mask-solar-defense\/","title":{"rendered":"MASK SOLAR DEFENSE"},"content":{"rendered":"<p><strong>Mascarilla intensiva que nutre, repara y protege el cabello tras la exposici\u00f3n al sol, sal o cloro:<\/strong> Protege de la exposici\u00f3n solar, con Filtro UV. Nutre, hidrata, desenreda, suaviza y mejora la estructura capilar tras la exposici\u00f3n al sol, cloro o agua de mar. <b>Modo uso: <\/b>Aplicar tras el champ\u00fa, de medios a puntas, y dejar actuar 5\u201310 min. Aclarar abundantemente. Tratamiento intensivo que nutre, repara y devuelve la suavidad al cabello expuesto al sol.<\/p>\n","protected":false},"excerpt":{"rendered":"<p data-start=\"660\" data-end=\"938\">La <strong data-start=\"663\" data-end=\"691\">Mascarilla Solar Defense<\/strong> es un tratamiento capilar intensivo dise\u00f1ado para proteger y reparar el cabello tras la exposici\u00f3n solar. Enriquecida con Filtro UV, ayuda a prevenir el da\u00f1o causado por el sol mientras nutre, hidrata y mejora la estructura de la fibra capilar.<\/p>\n<p data-start=\"940\" data-end=\"1206\">Desenreda, suaviza y devuelve la elasticidad y el brillo al cabello expuesto al cloro, la sal y los agentes externos del verano. Ideal como mascarilla after sun para mantener el cabello protegido, disciplinado y visiblemente saludable durante la temporada estival.<\/p>\n<p data-start=\"1208\" data-end=\"1323\">Modo de uso: aplicar tras el champ\u00fa de medios a puntas, dejar actuar entre 5 y 10 minutos y aclarar abundantemente.<\/p>\n","protected":false},"featured_media":3295,"comment_status":"open","ping_status":"closed","template":"","meta":{"_acf_changed":false},"tipo":[],"principios":[],"product_brand":[],"product_cat":[738],"product_tag":[751,752,753,754,755,756,757,758,759,760,749,761],"class_list":{"0":"post-3320","1":"product","2":"type-product","3":"status-publish","4":"has-post-thumbnail","6":"product_cat-solar-defense","7":"product_tag-cuidado-capilar-playa","8":"product_tag-hidratacion-profunda-verano","9":"product_tag-mascarilla-after-sun","10":"product_tag-mascarilla-con-filtro-uv","11":"product_tag-mascarilla-profesional-peluqueria","12":"product_tag-mascarilla-solar-cabello","13":"product_tag-nutricion-capilar-intensiva","14":"product_tag-proteccion-uv-cabello","15":"product_tag-reparacion-capilar-post-piscina","16":"product_tag-reparar-cabello-danado-por-el-sol","17":"product_tag-ritual-solar-cabello","18":"product_tag-tratamiento-capilar-verano","20":"first","21":"instock","22":"taxable","23":"shipping-taxable","24":"purchasable","25":"product-type-variable"},"acf":[],"yoast_head":"<!-- This site is optimized with the Yoast SEO plugin v27.4 - https:\/\/yoast.com\/product\/yoast-seo-wordpress\/ -->\n<title>MASK SOLAR DEFENSE - Mimare<\/title>\n<meta name=\"robots\" content=\"index, follow, max-snippet:-1, max-image-preview:large, max-video-preview:-1\" \/>\n<link rel=\"canonical\" href=\"https:\/\/mimarenaturalcosmetics.com\/en\/product\/mask-solar-defense\/\" \/>\n<meta property=\"og:locale\" content=\"en_US\" \/>\n<meta property=\"og:type\" content=\"article\" \/>\n<meta property=\"og:title\" content=\"MASK SOLAR DEFENSE - Mimare\" \/>\n<meta property=\"og:description\" content=\"La Mascarilla Solar Defense es un tratamiento capilar intensivo dise\u00f1ado para proteger y reparar el cabello tras la exposici\u00f3n solar. Enriquecida con Filtro UV, ayuda a prevenir el da\u00f1o causado por el sol mientras nutre, hidrata y mejora la estructura de la fibra capilar. Desenreda, suaviza y devuelve la elasticidad y el brillo al cabello expuesto al cloro, la sal y los agentes externos del verano. Ideal como mascarilla after sun para mantener el cabello protegido, disciplinado y visiblemente saludable durante la temporada estival. Modo de uso: aplicar tras el champ\u00fa de medios a puntas, dejar actuar entre 5 y 10 minutos y aclarar abundantemente.\" \/>\n<meta property=\"og:url\" content=\"https:\/\/mimarenaturalcosmetics.com\/en\/product\/mask-solar-defense\/\" \/>\n<meta property=\"og:site_name\" content=\"Mimare\" \/>\n<meta property=\"article:modified_time\" content=\"2026-03-05T09:47:30+00:00\" \/>\n<meta property=\"og:image\" content=\"https:\/\/mimarenaturalcosmetics.com\/wp-content\/uploads\/2026\/03\/MASK-SI-757x1024.png\" \/>\n\t<meta property=\"og:image:width\" content=\"757\" \/>\n\t<meta property=\"og:image:height\" content=\"1024\" \/>\n\t<meta property=\"og:image:type\" content=\"image\/png\" \/>\n<meta name=\"twitter:card\" content=\"summary_large_image\" \/>\n<meta name=\"twitter:label1\" content=\"Est. reading time\" \/>\n\t<meta name=\"twitter:data1\" content=\"1 minute\" \/>\n<script type=\"application\/ld+json\" class=\"yoast-schema-graph\">{\"@context\":\"https:\\\/\\\/schema.org\",\"@graph\":[{\"@type\":\"WebPage\",\"@id\":\"https:\\\/\\\/mimarenaturalcosmetics.com\\\/en\\\/product\\\/mask-solar-defense\\\/\",\"url\":\"https:\\\/\\\/mimarenaturalcosmetics.com\\\/en\\\/product\\\/mask-solar-defense\\\/\",\"name\":\"MASK SOLAR DEFENSE - Mimare\",\"isPartOf\":{\"@id\":\"https:\\\/\\\/mimarenaturalcosmetics.com\\\/#website\"},\"primaryImageOfPage\":{\"@id\":\"https:\\\/\\\/mimarenaturalcosmetics.com\\\/en\\\/product\\\/mask-solar-defense\\\/#primaryimage\"},\"image\":{\"@id\":\"https:\\\/\\\/mimarenaturalcosmetics.com\\\/en\\\/product\\\/mask-solar-defense\\\/#primaryimage\"},\"thumbnailUrl\":\"https:\\\/\\\/mimarenaturalcosmetics.com\\\/wp-content\\\/uploads\\\/2026\\\/03\\\/MASK-SI-e1772532724199.png\",\"datePublished\":\"2026-03-03T09:36:13+00:00\",\"dateModified\":\"2026-03-05T09:47:30+00:00\",\"breadcrumb\":{\"@id\":\"https:\\\/\\\/mimarenaturalcosmetics.com\\\/en\\\/product\\\/mask-solar-defense\\\/#breadcrumb\"},\"inLanguage\":\"en-US\",\"potentialAction\":[{\"@type\":\"ReadAction\",\"target\":[\"https:\\\/\\\/mimarenaturalcosmetics.com\\\/en\\\/product\\\/mask-solar-defense\\\/\"]}]},{\"@type\":\"ImageObject\",\"inLanguage\":\"en-US\",\"@id\":\"https:\\\/\\\/mimarenaturalcosmetics.com\\\/en\\\/product\\\/mask-solar-defense\\\/#primaryimage\",\"url\":\"https:\\\/\\\/mimarenaturalcosmetics.com\\\/wp-content\\\/uploads\\\/2026\\\/03\\\/MASK-SI-e1772532724199.png\",\"contentUrl\":\"https:\\\/\\\/mimarenaturalcosmetics.com\\\/wp-content\\\/uploads\\\/2026\\\/03\\\/MASK-SI-e1772532724199.png\",\"width\":1700,\"height\":2300},{\"@type\":\"BreadcrumbList\",\"@id\":\"https:\\\/\\\/mimarenaturalcosmetics.com\\\/en\\\/product\\\/mask-solar-defense\\\/#breadcrumb\",\"itemListElement\":[{\"@type\":\"ListItem\",\"position\":1,\"name\":\"Portada\",\"item\":\"https:\\\/\\\/mimarenaturalcosmetics.com\\\/en\\\/\"},{\"@type\":\"ListItem\",\"position\":2,\"name\":\"Shop\",\"item\":\"https:\\\/\\\/mimarenaturalcosmetics.com\\\/en\\\/shop\\\/\"},{\"@type\":\"ListItem\",\"position\":3,\"name\":\"MASK SOLAR DEFENSE\"}]},{\"@type\":\"WebSite\",\"@id\":\"https:\\\/\\\/mimarenaturalcosmetics.com\\\/#website\",\"url\":\"https:\\\/\\\/mimarenaturalcosmetics.com\\\/\",\"name\":\"Mimare\",\"description\":\"\",\"potentialAction\":[{\"@type\":\"SearchAction\",\"target\":{\"@type\":\"EntryPoint\",\"urlTemplate\":\"https:\\\/\\\/mimarenaturalcosmetics.com\\\/?s={search_term_string}\"},\"query-input\":{\"@type\":\"PropertyValueSpecification\",\"valueRequired\":true,\"valueName\":\"search_term_string\"}}],\"inLanguage\":\"en-US\"}]}<\/script>\n<!-- \/ Yoast SEO plugin. -->","yoast_head_json":{"title":"MASK SOLAR DEFENSE - Mimare","robots":{"index":"index","follow":"follow","max-snippet":"max-snippet:-1","max-image-preview":"max-image-preview:large","max-video-preview":"max-video-preview:-1"},"canonical":"https:\/\/mimarenaturalcosmetics.com\/en\/product\/mask-solar-defense\/","og_locale":"en_US","og_type":"article","og_title":"MASK SOLAR DEFENSE - Mimare","og_description":"La Mascarilla Solar Defense es un tratamiento capilar intensivo dise\u00f1ado para proteger y reparar el cabello tras la exposici\u00f3n solar. Enriquecida con Filtro UV, ayuda a prevenir el da\u00f1o causado por el sol mientras nutre, hidrata y mejora la estructura de la fibra capilar. Desenreda, suaviza y devuelve la elasticidad y el brillo al cabello expuesto al cloro, la sal y los agentes externos del verano. Ideal como mascarilla after sun para mantener el cabello protegido, disciplinado y visiblemente saludable durante la temporada estival. Modo de uso: aplicar tras el champ\u00fa de medios a puntas, dejar actuar entre 5 y 10 minutos y aclarar abundantemente.","og_url":"https:\/\/mimarenaturalcosmetics.com\/en\/product\/mask-solar-defense\/","og_site_name":"Mimare","article_modified_time":"2026-03-05T09:47:30+00:00","og_image":[{"width":757,"height":1024,"url":"https:\/\/mimarenaturalcosmetics.com\/wp-content\/uploads\/2026\/03\/MASK-SI-757x1024.png","type":"image\/png"}],"twitter_card":"summary_large_image","twitter_misc":{"Est. reading time":"1 minute"},"schema":{"@context":"https:\/\/schema.org","@graph":[{"@type":"WebPage","@id":"https:\/\/mimarenaturalcosmetics.com\/en\/product\/mask-solar-defense\/","url":"https:\/\/mimarenaturalcosmetics.com\/en\/product\/mask-solar-defense\/","name":"MASK SOLAR DEFENSE - Mimare","isPartOf":{"@id":"https:\/\/mimarenaturalcosmetics.com\/#website"},"primaryImageOfPage":{"@id":"https:\/\/mimarenaturalcosmetics.com\/en\/product\/mask-solar-defense\/#primaryimage"},"image":{"@id":"https:\/\/mimarenaturalcosmetics.com\/en\/product\/mask-solar-defense\/#primaryimage"},"thumbnailUrl":"https:\/\/mimarenaturalcosmetics.com\/wp-content\/uploads\/2026\/03\/MASK-SI-e1772532724199.png","datePublished":"2026-03-03T09:36:13+00:00","dateModified":"2026-03-05T09:47:30+00:00","breadcrumb":{"@id":"https:\/\/mimarenaturalcosmetics.com\/en\/product\/mask-solar-defense\/#breadcrumb"},"inLanguage":"en-US","potentialAction":[{"@type":"ReadAction","target":["https:\/\/mimarenaturalcosmetics.com\/en\/product\/mask-solar-defense\/"]}]},{"@type":"ImageObject","inLanguage":"en-US","@id":"https:\/\/mimarenaturalcosmetics.com\/en\/product\/mask-solar-defense\/#primaryimage","url":"https:\/\/mimarenaturalcosmetics.com\/wp-content\/uploads\/2026\/03\/MASK-SI-e1772532724199.png","contentUrl":"https:\/\/mimarenaturalcosmetics.com\/wp-content\/uploads\/2026\/03\/MASK-SI-e1772532724199.png","width":1700,"height":2300},{"@type":"BreadcrumbList","@id":"https:\/\/mimarenaturalcosmetics.com\/en\/product\/mask-solar-defense\/#breadcrumb","itemListElement":[{"@type":"ListItem","position":1,"name":"Portada","item":"https:\/\/mimarenaturalcosmetics.com\/en\/"},{"@type":"ListItem","position":2,"name":"Shop","item":"https:\/\/mimarenaturalcosmetics.com\/en\/shop\/"},{"@type":"ListItem","position":3,"name":"MASK SOLAR DEFENSE"}]},{"@type":"WebSite","@id":"https:\/\/mimarenaturalcosmetics.com\/#website","url":"https:\/\/mimarenaturalcosmetics.com\/","name":"Mimare","description":"","potentialAction":[{"@type":"SearchAction","target":{"@type":"EntryPoint","urlTemplate":"https:\/\/mimarenaturalcosmetics.com\/?s={search_term_string}"},"query-input":{"@type":"PropertyValueSpecification","valueRequired":true,"valueName":"search_term_string"}}],"inLanguage":"en-US"}]}},"jetpack_sharing_enabled":true,"_links":{"self":[{"href":"https:\/\/mimarenaturalcosmetics.com\/en\/wp-json\/wp\/v2\/product\/3320","targetHints":{"allow":["GET"]}}],"collection":[{"href":"https:\/\/mimarenaturalcosmetics.com\/en\/wp-json\/wp\/v2\/product"}],"about":[{"href":"https:\/\/mimarenaturalcosmetics.com\/en\/wp-json\/wp\/v2\/types\/product"}],"replies":[{"embeddable":true,"href":"https:\/\/mimarenaturalcosmetics.com\/en\/wp-json\/wp\/v2\/comments?post=3320"}],"wp:featuredmedia":[{"embeddable":true,"href":"https:\/\/mimarenaturalcosmetics.com\/en\/wp-json\/wp\/v2\/media\/3295"}],"wp:attachment":[{"href":"https:\/\/mimarenaturalcosmetics.com\/en\/wp-json\/wp\/v2\/media?parent=3320"}],"wp:term":[{"taxonomy":"tipo","embeddable":true,"href":"https:\/\/mimarenaturalcosmetics.com\/en\/wp-json\/wp\/v2\/tipo?post=3320"},{"taxonomy":"principios","embeddable":true,"href":"https:\/\/mimarenaturalcosmetics.com\/en\/wp-json\/wp\/v2\/principios?post=3320"},{"taxonomy":"product_brand","embeddable":true,"href":"https:\/\/mimarenaturalcosmetics.com\/en\/wp-json\/wp\/v2\/product_brand?post=3320"},{"taxonomy":"product_cat","embeddable":true,"href":"https:\/\/mimarenaturalcosmetics.com\/en\/wp-json\/wp\/v2\/product_cat?post=3320"},{"taxonomy":"product_tag","embeddable":true,"href":"https:\/\/mimarenaturalcosmetics.com\/en\/wp-json\/wp\/v2\/product_tag?post=3320"}],"curies":[{"name":"wp","href":"https:\/\/api.w.org\/{rel}","templated":true}]}}